{"id":1571,"date":"2026-03-03T15:13:29","date_gmt":"2026-03-03T15:13:29","guid":{"rendered":"https:\/\/krokodilpince.rwpstaging.site\/?page_id=1571"},"modified":"2026-03-31T16:45:44","modified_gmt":"2026-03-31T16:45:44","slug":"eskuvo","status":"publish","type":"page","link":"https:\/\/krokodilpince.rwpstaging.site\/en\/eskuvo\/","title":{"rendered":"Wedding"},"content":{"rendered":"<div data-elementor-type=\"wp-page\" data-elementor-id=\"1571\" class=\"elementor elementor-1571\" data-elementor-post-type=\"page\">\n\t\t\t\t<div class=\"elementor-element elementor-element-19ac386 e-flex e-con-boxed e-con e-parent\" data-id=\"19ac386\" data-element_type=\"container\" data-settings=\"{&quot;background_background&quot;:&quot;classic&quot;}\">\n\t\t\t\t\t<div class=\"e-con-inner\">\n\t\t\t\t<div class=\"elementor-element elementor-element-e994b89 elementor-widget elementor-widget-shortcode\" data-id=\"e994b89\" data-element_type=\"widget\" data-widget_type=\"shortcode.default\">\n\t\t\t\t<div class=\"elementor-widget-container\">\n\t\t\t\t\t\t\t<div class=\"elementor-shortcode\"><iframe\n    src=\"https:\/\/api.flybuilt.hu\/widget\/form\/reLZLypCyyaLnSIxLkfB\"\n    style=\"width:100%;height:100%;border:none;border-radius:3px\"\n    id=\"inline-reLZLypCyyaLnSIxLkfB\" \n    data-layout=\"{'id':'INLINE'}\"\n    data-trigger-type=\"alwaysShow\"\n    data-trigger-value=\"\"\n    data-activation-type=\"alwaysActivated\"\n    data-activation-value=\"\"\n    data-deactivation-type=\"neverDeactivate\"\n    data-deactivation-value=\"\"\n    data-form-name=\"Esk\u00fcv\u0151 aj\u00e1nlatk\u00e9r\u0151\"\n    data-height=\"1224\"\n    data-layout-iframe-id=\"inline-reLZLypCyyaLnSIxLkfB\"\n    data-form-id=\"reLZLypCyyaLnSIxLkfB\"\n    title=\"Esk\u00fcv\u0151 aj\u00e1nlatk\u00e9r\u0151\"\n        >\n<\/iframe>\n<script src=\"https:\/\/api.flybuilt.hu\/js\/form_embed.js\"><\/script>\n<\/div>\n\t\t\t\t\t\t<\/div>\n\t\t\t\t<\/div>\n\t\t\t\t\t<\/div>\n\t\t\t\t<\/div>\n\t\t\t\t<\/div>","protected":false},"excerpt":{"rendered":"","protected":false},"author":1,"featured_media":0,"parent":0,"menu_order":0,"comment_status":"closed","ping_status":"closed","template":"elementor_header_footer","meta":{"footnotes":""},"class_list":["post-1571","page","type-page","status-publish","hentry"],"yoast_head":"<!-- This site is optimized with the Yoast SEO plugin v26.1.1 - https:\/\/yoast.com\/wordpress\/plugins\/seo\/ -->\n<title>Esk\u00fcv\u0151 - krokodilpince.rwpstaging.site<\/title>\n<meta name=\"robots\" content=\"noindex, follow, max-snippet:-1, max-image-preview:large, max-video-preview:-1\" \/>\n<meta property=\"og:locale\" content=\"en_GB\" \/>\n<meta property=\"og:type\" content=\"article\" \/>\n<meta property=\"og:title\" content=\"Esk\u00fcv\u0151 - krokodilpince.rwpstaging.site\" \/>\n<meta property=\"og:url\" content=\"https:\/\/krokodilpince.rwpstaging.site\/en\/eskuvo\/\" \/>\n<meta property=\"og:site_name\" content=\"krokodilpince.rwpstaging.site\" \/>\n<meta property=\"article:modified_time\" content=\"2026-03-31T16:45:44+00:00\" \/>\n<meta name=\"twitter:card\" content=\"summary_large_image\" \/>\n<script type=\"application\/ld+json\" class=\"yoast-schema-graph\">{\"@context\":\"https:\/\/schema.org\",\"@graph\":[{\"@type\":\"WebPage\",\"@id\":\"https:\/\/krokodilpince.rwpstaging.site\/eskuvo\/\",\"url\":\"https:\/\/krokodilpince.rwpstaging.site\/eskuvo\/\",\"name\":\"Esk\u00fcv\u0151 - krokodilpince.rwpstaging.site\",\"isPartOf\":{\"@id\":\"https:\/\/krokodilpince.rwpstaging.site\/#website\"},\"datePublished\":\"2026-03-03T15:13:29+00:00\",\"dateModified\":\"2026-03-31T16:45:44+00:00\",\"breadcrumb\":{\"@id\":\"https:\/\/krokodilpince.rwpstaging.site\/eskuvo\/#breadcrumb\"},\"inLanguage\":\"en-GB\",\"potentialAction\":[{\"@type\":\"ReadAction\",\"target\":[\"https:\/\/krokodilpince.rwpstaging.site\/eskuvo\/\"]}]},{\"@type\":\"BreadcrumbList\",\"@id\":\"https:\/\/krokodilpince.rwpstaging.site\/eskuvo\/#breadcrumb\",\"itemListElement\":[{\"@type\":\"ListItem\",\"position\":1,\"name\":\"Home\",\"item\":\"https:\/\/krokodilpince.rwpstaging.site\/\"},{\"@type\":\"ListItem\",\"position\":2,\"name\":\"Esk\u00fcv\u0151\"}]},{\"@type\":\"WebSite\",\"@id\":\"https:\/\/krokodilpince.rwpstaging.site\/#website\",\"url\":\"https:\/\/krokodilpince.rwpstaging.site\/\",\"name\":\"krokodilpince.rwpstaging.site\",\"description\":\"\",\"potentialAction\":[{\"@type\":\"SearchAction\",\"target\":{\"@type\":\"EntryPoint\",\"urlTemplate\":\"https:\/\/krokodilpince.rwpstaging.site\/?s={search_term_string}\"},\"query-input\":{\"@type\":\"PropertyValueSpecification\",\"valueRequired\":true,\"valueName\":\"search_term_string\"}}],\"inLanguage\":\"en-GB\"}]}<\/script>\n<!-- \/ Yoast SEO plugin. -->","yoast_head_json":{"title":"Esk\u00fcv\u0151 - krokodilpince.rwpstaging.site","robots":{"index":"noindex","follow":"follow","max-snippet":"max-snippet:-1","max-image-preview":"max-image-preview:large","max-video-preview":"max-video-preview:-1"},"og_locale":"en_GB","og_type":"article","og_title":"Esk\u00fcv\u0151 - krokodilpince.rwpstaging.site","og_url":"https:\/\/krokodilpince.rwpstaging.site\/en\/eskuvo\/","og_site_name":"krokodilpince.rwpstaging.site","article_modified_time":"2026-03-31T16:45:44+00:00","twitter_card":"summary_large_image","schema":{"@context":"https:\/\/schema.org","@graph":[{"@type":"WebPage","@id":"https:\/\/krokodilpince.rwpstaging.site\/eskuvo\/","url":"https:\/\/krokodilpince.rwpstaging.site\/eskuvo\/","name":"Esk\u00fcv\u0151 - krokodilpince.rwpstaging.site","isPartOf":{"@id":"https:\/\/krokodilpince.rwpstaging.site\/#website"},"datePublished":"2026-03-03T15:13:29+00:00","dateModified":"2026-03-31T16:45:44+00:00","breadcrumb":{"@id":"https:\/\/krokodilpince.rwpstaging.site\/eskuvo\/#breadcrumb"},"inLanguage":"en-GB","potentialAction":[{"@type":"ReadAction","target":["https:\/\/krokodilpince.rwpstaging.site\/eskuvo\/"]}]},{"@type":"BreadcrumbList","@id":"https:\/\/krokodilpince.rwpstaging.site\/eskuvo\/#breadcrumb","itemListElement":[{"@type":"ListItem","position":1,"name":"Home","item":"https:\/\/krokodilpince.rwpstaging.site\/"},{"@type":"ListItem","position":2,"name":"Esk\u00fcv\u0151"}]},{"@type":"WebSite","@id":"https:\/\/krokodilpince.rwpstaging.site\/#website","url":"https:\/\/krokodilpince.rwpstaging.site\/","name":"krokodilpince.rwpstaging.site","description":"","potentialAction":[{"@type":"SearchAction","target":{"@type":"EntryPoint","urlTemplate":"https:\/\/krokodilpince.rwpstaging.site\/?s={search_term_string}"},"query-input":{"@type":"PropertyValueSpecification","valueRequired":true,"valueName":"search_term_string"}}],"inLanguage":"en-GB"}]}},"_links":{"self":[{"href":"https:\/\/krokodilpince.rwpstaging.site\/en\/wp-json\/wp\/v2\/pages\/1571","targetHints":{"allow":["GET"]}}],"collection":[{"href":"https:\/\/krokodilpince.rwpstaging.site\/en\/wp-json\/wp\/v2\/pages"}],"about":[{"href":"https:\/\/krokodilpince.rwpstaging.site\/en\/wp-json\/wp\/v2\/types\/page"}],"author":[{"embeddable":true,"href":"https:\/\/krokodilpince.rwpstaging.site\/en\/wp-json\/wp\/v2\/users\/1"}],"replies":[{"embeddable":true,"href":"https:\/\/krokodilpince.rwpstaging.site\/en\/wp-json\/wp\/v2\/comments?post=1571"}],"version-history":[{"count":13,"href":"https:\/\/krokodilpince.rwpstaging.site\/en\/wp-json\/wp\/v2\/pages\/1571\/revisions"}],"predecessor-version":[{"id":1723,"href":"https:\/\/krokodilpince.rwpstaging.site\/en\/wp-json\/wp\/v2\/pages\/1571\/revisions\/1723"}],"wp:attachment":[{"href":"https:\/\/krokodilpince.rwpstaging.site\/en\/wp-json\/wp\/v2\/media?parent=1571"}],"curies":[{"name":"wp","href":"https:\/\/api.w.org\/{rel}","templated":true}]}}