{"id":1207,"date":"2026-02-12T13:02:05","date_gmt":"2026-02-12T13:02:05","guid":{"rendered":"https:\/\/krokodilpince.rwpstaging.site\/?page_id=1207"},"modified":"2026-04-09T13:19:24","modified_gmt":"2026-04-09T13:19:24","slug":"dobrogi-wellness-vendeghaz","status":"publish","type":"page","link":"https:\/\/krokodilpince.rwpstaging.site\/en\/dobrogi-wellness-vendeghaz\/","title":{"rendered":"D\u00f6br\u00f6gi Wellness Guest House"},"content":{"rendered":"<div data-elementor-type=\"wp-page\" data-elementor-id=\"1207\" class=\"elementor elementor-1207\" data-elementor-post-type=\"page\">\n\t\t\t\t<div class=\"elementor-element elementor-element-85ba125 e-flex e-con-boxed e-con e-parent\" data-id=\"85ba125\" data-element_type=\"container\" data-settings=\"{&quot;background_background&quot;:&quot;video&quot;,&quot;background_video_link&quot;:&quot;https:\\\/\\\/www.youtube.com\\\/watch?v=roMX8Ch-GbU&quot;,&quot;background_play_on_mobile&quot;:&quot;yes&quot;}\">\n\t\t\t\t\t<div class=\"e-con-inner\">\n\t\t<div class=\"elementor-background-video-container\" aria-hidden=\"true\">\n\t\t\t\t\t\t\t<div class=\"elementor-background-video-embed\"><\/div>\n\t\t\t\t\t\t<\/div><div class=\"elementor-element elementor-element-da7f00b e-con-full e-flex elementor-invisible e-con e-child\" data-id=\"da7f00b\" data-element_type=\"container\" data-settings=\"{&quot;animation&quot;:&quot;fadeInUp&quot;,&quot;animation_delay&quot;:&quot;200&quot;}\">\n\t\t\t\t<div class=\"elementor-element elementor-element-b7cd330 elementor-widget elementor-widget-heading\" data-id=\"b7cd330\" data-element_type=\"widget\" data-widget_type=\"heading.default\">\n\t\t\t\t<div class=\"elementor-widget-container\">\n\t\t\t\t\t<h1 class=\"elementor-heading-title elementor-size-default\">D\u00f6br\u00f6gi Wellness Guest House <\/h1>\t\t\t\t<\/div>\n\t\t\t\t<\/div>\n\t\t\t\t<\/div>\n\t\t\t\t\t<\/div>\n\t\t\t\t<\/div>\n\t\t<div class=\"elementor-element elementor-element-767a2d2 e-flex e-con-boxed e-con e-parent\" data-id=\"767a2d2\" data-element_type=\"container\" data-settings=\"{&quot;background_background&quot;:&quot;classic&quot;}\">\n\t\t\t\t\t<div class=\"e-con-inner\">\n\t\t<div class=\"elementor-element elementor-element-871500a e-con-full e-flex elementor-invisible e-con e-child\" data-id=\"871500a\" data-element_type=\"container\" data-settings=\"{&quot;animation&quot;:&quot;fadeIn&quot;,&quot;animation_delay&quot;:&quot;200&quot;}\">\n\t\t\t\t<div class=\"elementor-element elementor-element-c7c2e71 elementor-widget elementor-widget-html\" data-id=\"c7c2e71\" data-element_type=\"widget\" data-widget_type=\"html.default\">\n\t\t\t\t<div class=\"elementor-widget-container\">\n\t\t\t\t\t<script type=\"text\/javascript\">\r\n  var bookingEngineConfig = {\r\n    id: '019d43c5-9f2e-7130-ac32-e20e26f4350f',\r\n    lang: 'hu',\r\n    currency: 'EUR'\r\n  };\r\n  var a=document.createElement('script');a.src='https:\/\/booking.previo.app\/loader\/';document.head.appendChild(a);\r\n<\/script>\r\n<div id=\"previo-booking-engine\"><\/div>\t\t\t\t<\/div>\n\t\t\t\t<\/div>\n\t\t\t\t<\/div>\n\t\t\t\t\t<\/div>\n\t\t\t\t<\/div>\n\t\t\t\t<\/div>","protected":false},"excerpt":{"rendered":"<p>D\u00f6br\u00f6gi Wellness Guest House<\/p>","protected":false},"author":1,"featured_media":0,"parent":0,"menu_order":0,"comment_status":"closed","ping_status":"closed","template":"elementor_header_footer","meta":{"footnotes":""},"class_list":["post-1207","page","type-page","status-publish","hentry"],"yoast_head":"<!-- This site is optimized with the Yoast SEO plugin v26.1.1 - https:\/\/yoast.com\/wordpress\/plugins\/seo\/ -->\n<title>D\u00f6br\u00f6gi Wellness Vend\u00e9gh\u00e1z - krokodilpince.rwpstaging.site<\/title>\n<meta name=\"robots\" content=\"noindex, follow, max-snippet:-1, max-image-preview:large, max-video-preview:-1\" \/>\n<meta property=\"og:locale\" content=\"en_GB\" \/>\n<meta property=\"og:type\" content=\"article\" \/>\n<meta property=\"og:title\" content=\"D\u00f6br\u00f6gi Wellness Vend\u00e9gh\u00e1z - krokodilpince.rwpstaging.site\" \/>\n<meta property=\"og:description\" content=\"D\u00f6br\u00f6gi Wellness Vend\u00e9gh\u00e1z\" \/>\n<meta property=\"og:url\" content=\"https:\/\/krokodilpince.rwpstaging.site\/en\/dobrogi-wellness-vendeghaz\/\" \/>\n<meta property=\"og:site_name\" content=\"krokodilpince.rwpstaging.site\" \/>\n<meta property=\"article:modified_time\" content=\"2026-04-09T13:19:24+00:00\" \/>\n<meta name=\"twitter:card\" content=\"summary_large_image\" \/>\n<meta name=\"twitter:label1\" content=\"Estimated reading time\" \/>\n\t<meta name=\"twitter:data1\" content=\"1 minute\" \/>\n<script type=\"application\/ld+json\" class=\"yoast-schema-graph\">{\"@context\":\"https:\/\/schema.org\",\"@graph\":[{\"@type\":\"WebPage\",\"@id\":\"https:\/\/krokodilpince.rwpstaging.site\/dobrogi-wellness-vendeghaz\/\",\"url\":\"https:\/\/krokodilpince.rwpstaging.site\/dobrogi-wellness-vendeghaz\/\",\"name\":\"D\u00f6br\u00f6gi Wellness Vend\u00e9gh\u00e1z - krokodilpince.rwpstaging.site\",\"isPartOf\":{\"@id\":\"https:\/\/krokodilpince.rwpstaging.site\/#website\"},\"datePublished\":\"2026-02-12T13:02:05+00:00\",\"dateModified\":\"2026-04-09T13:19:24+00:00\",\"breadcrumb\":{\"@id\":\"https:\/\/krokodilpince.rwpstaging.site\/dobrogi-wellness-vendeghaz\/#breadcrumb\"},\"inLanguage\":\"en-GB\",\"potentialAction\":[{\"@type\":\"ReadAction\",\"target\":[\"https:\/\/krokodilpince.rwpstaging.site\/dobrogi-wellness-vendeghaz\/\"]}]},{\"@type\":\"BreadcrumbList\",\"@id\":\"https:\/\/krokodilpince.rwpstaging.site\/dobrogi-wellness-vendeghaz\/#breadcrumb\",\"itemListElement\":[{\"@type\":\"ListItem\",\"position\":1,\"name\":\"Home\",\"item\":\"https:\/\/krokodilpince.rwpstaging.site\/\"},{\"@type\":\"ListItem\",\"position\":2,\"name\":\"D\u00f6br\u00f6gi Wellness Vend\u00e9gh\u00e1z\"}]},{\"@type\":\"WebSite\",\"@id\":\"https:\/\/krokodilpince.rwpstaging.site\/#website\",\"url\":\"https:\/\/krokodilpince.rwpstaging.site\/\",\"name\":\"krokodilpince.rwpstaging.site\",\"description\":\"\",\"potentialAction\":[{\"@type\":\"SearchAction\",\"target\":{\"@type\":\"EntryPoint\",\"urlTemplate\":\"https:\/\/krokodilpince.rwpstaging.site\/?s={search_term_string}\"},\"query-input\":{\"@type\":\"PropertyValueSpecification\",\"valueRequired\":true,\"valueName\":\"search_term_string\"}}],\"inLanguage\":\"en-GB\"}]}<\/script>\n<!-- \/ Yoast SEO plugin. -->","yoast_head_json":{"title":"D\u00f6br\u00f6gi Wellness Vend\u00e9gh\u00e1z - krokodilpince.rwpstaging.site","robots":{"index":"noindex","follow":"follow","max-snippet":"max-snippet:-1","max-image-preview":"max-image-preview:large","max-video-preview":"max-video-preview:-1"},"og_locale":"en_GB","og_type":"article","og_title":"D\u00f6br\u00f6gi Wellness Vend\u00e9gh\u00e1z - krokodilpince.rwpstaging.site","og_description":"D\u00f6br\u00f6gi Wellness Vend\u00e9gh\u00e1z","og_url":"https:\/\/krokodilpince.rwpstaging.site\/en\/dobrogi-wellness-vendeghaz\/","og_site_name":"krokodilpince.rwpstaging.site","article_modified_time":"2026-04-09T13:19:24+00:00","twitter_card":"summary_large_image","twitter_misc":{"Estimated reading time":"1 minute"},"schema":{"@context":"https:\/\/schema.org","@graph":[{"@type":"WebPage","@id":"https:\/\/krokodilpince.rwpstaging.site\/dobrogi-wellness-vendeghaz\/","url":"https:\/\/krokodilpince.rwpstaging.site\/dobrogi-wellness-vendeghaz\/","name":"D\u00f6br\u00f6gi Wellness Vend\u00e9gh\u00e1z - krokodilpince.rwpstaging.site","isPartOf":{"@id":"https:\/\/krokodilpince.rwpstaging.site\/#website"},"datePublished":"2026-02-12T13:02:05+00:00","dateModified":"2026-04-09T13:19:24+00:00","breadcrumb":{"@id":"https:\/\/krokodilpince.rwpstaging.site\/dobrogi-wellness-vendeghaz\/#breadcrumb"},"inLanguage":"en-GB","potentialAction":[{"@type":"ReadAction","target":["https:\/\/krokodilpince.rwpstaging.site\/dobrogi-wellness-vendeghaz\/"]}]},{"@type":"BreadcrumbList","@id":"https:\/\/krokodilpince.rwpstaging.site\/dobrogi-wellness-vendeghaz\/#breadcrumb","itemListElement":[{"@type":"ListItem","position":1,"name":"Home","item":"https:\/\/krokodilpince.rwpstaging.site\/"},{"@type":"ListItem","position":2,"name":"D\u00f6br\u00f6gi Wellness Vend\u00e9gh\u00e1z"}]},{"@type":"WebSite","@id":"https:\/\/krokodilpince.rwpstaging.site\/#website","url":"https:\/\/krokodilpince.rwpstaging.site\/","name":"krokodilpince.rwpstaging.site","description":"","potentialAction":[{"@type":"SearchAction","target":{"@type":"EntryPoint","urlTemplate":"https:\/\/krokodilpince.rwpstaging.site\/?s={search_term_string}"},"query-input":{"@type":"PropertyValueSpecification","valueRequired":true,"valueName":"search_term_string"}}],"inLanguage":"en-GB"}]}},"_links":{"self":[{"href":"https:\/\/krokodilpince.rwpstaging.site\/en\/wp-json\/wp\/v2\/pages\/1207","targetHints":{"allow":["GET"]}}],"collection":[{"href":"https:\/\/krokodilpince.rwpstaging.site\/en\/wp-json\/wp\/v2\/pages"}],"about":[{"href":"https:\/\/krokodilpince.rwpstaging.site\/en\/wp-json\/wp\/v2\/types\/page"}],"author":[{"embeddable":true,"href":"https:\/\/krokodilpince.rwpstaging.site\/en\/wp-json\/wp\/v2\/users\/1"}],"replies":[{"embeddable":true,"href":"https:\/\/krokodilpince.rwpstaging.site\/en\/wp-json\/wp\/v2\/comments?post=1207"}],"version-history":[{"count":16,"href":"https:\/\/krokodilpince.rwpstaging.site\/en\/wp-json\/wp\/v2\/pages\/1207\/revisions"}],"predecessor-version":[{"id":1729,"href":"https:\/\/krokodilpince.rwpstaging.site\/en\/wp-json\/wp\/v2\/pages\/1207\/revisions\/1729"}],"wp:attachment":[{"href":"https:\/\/krokodilpince.rwpstaging.site\/en\/wp-json\/wp\/v2\/media?parent=1207"}],"curies":[{"name":"wp","href":"https:\/\/api.w.org\/{rel}","templated":true}]}}