{"id":1201,"date":"2026-02-12T12:59:13","date_gmt":"2026-02-12T12:59:13","guid":{"rendered":"https:\/\/krokodilpince.rwpstaging.site\/?page_id=1201"},"modified":"2026-04-27T12:49:24","modified_gmt":"2026-04-27T12:49:24","slug":"balatoni-krokodil-vendeghaz","status":"publish","type":"page","link":"https:\/\/krokodilpince.rwpstaging.site\/en\/balatoni-krokodil-vendeghaz\/","title":{"rendered":"Balaton Crocodile Guest House"},"content":{"rendered":"<div data-elementor-type=\"wp-page\" data-elementor-id=\"1201\" class=\"elementor elementor-1201\" data-elementor-post-type=\"page\">\n\t\t\t\t<div class=\"elementor-element elementor-element-6532602 e-flex e-con-boxed e-con e-parent\" data-id=\"6532602\" data-element_type=\"container\" data-settings=\"{&quot;background_background&quot;:&quot;video&quot;,&quot;background_video_link&quot;:&quot;https:\\\/\\\/www.youtube.com\\\/watch?v=roMX8Ch-GbU&quot;,&quot;background_play_on_mobile&quot;:&quot;yes&quot;}\">\n\t\t\t\t\t<div class=\"e-con-inner\">\n\t\t<div class=\"elementor-background-video-container\" aria-hidden=\"true\">\n\t\t\t\t\t\t\t<div class=\"elementor-background-video-embed\"><\/div>\n\t\t\t\t\t\t<\/div><div class=\"elementor-element elementor-element-c830bd7 e-con-full e-flex elementor-invisible e-con e-child\" data-id=\"c830bd7\" data-element_type=\"container\" data-settings=\"{&quot;animation&quot;:&quot;fadeInUp&quot;,&quot;animation_delay&quot;:&quot;200&quot;}\">\n\t\t\t\t<div class=\"elementor-element elementor-element-afeec36 elementor-widget elementor-widget-heading\" data-id=\"afeec36\" data-element_type=\"widget\" data-widget_type=\"heading.default\">\n\t\t\t\t<div class=\"elementor-widget-container\">\n\t\t\t\t\t<h1 class=\"elementor-heading-title elementor-size-default\">Balaton Crocodile Guest House\n<\/h1>\t\t\t\t<\/div>\n\t\t\t\t<\/div>\n\t\t\t\t<\/div>\n\t\t\t\t\t<\/div>\n\t\t\t\t<\/div>\n\t\t<div class=\"elementor-element elementor-element-56f8fa2 e-flex e-con-boxed e-con e-parent\" data-id=\"56f8fa2\" data-element_type=\"container\" data-settings=\"{&quot;background_background&quot;:&quot;classic&quot;}\">\n\t\t\t\t\t<div class=\"e-con-inner\">\n\t\t<div class=\"elementor-element elementor-element-3980ac5 e-con-full e-flex elementor-invisible e-con e-child\" data-id=\"3980ac5\" data-element_type=\"container\" data-settings=\"{&quot;animation&quot;:&quot;fadeIn&quot;,&quot;animation_delay&quot;:&quot;200&quot;}\">\n\t\t\t\t<div class=\"elementor-element elementor-element-535f689 elementor-widget elementor-widget-html\" data-id=\"535f689\" data-element_type=\"widget\" data-widget_type=\"html.default\">\n\t\t\t\t<div class=\"elementor-widget-container\">\n\t\t\t\t\t<script type=\"text\/javascript\">\r\n  var bookingEngineConfig = {\r\n    id: '019c0a53-a19d-71ff-bc31-06e75e6cf52a',\r\n    lang: 'hu',\r\n    currency: 'HUF'\r\n  };\r\n  var a=document.createElement('script');a.src='https:\/\/booking.previo.app\/loader\/';document.head.appendChild(a);\r\n<\/script>\r\n<div id=\"previo-booking-engine\"><\/div>  \r\n\t\t\t\t<\/div>\n\t\t\t\t<\/div>\n\t\t\t\t<\/div>\n\t\t\t\t\t<\/div>\n\t\t\t\t<\/div>\n\t\t\t\t<\/div>","protected":false},"excerpt":{"rendered":"<p>Balaton Crocodile Guest House<\/p>","protected":false},"author":1,"featured_media":900,"parent":0,"menu_order":0,"comment_status":"closed","ping_status":"closed","template":"elementor_header_footer","meta":{"footnotes":""},"class_list":["post-1201","page","type-page","status-publish","has-post-thumbnail","hentry"],"yoast_head":"<!-- This site is optimized with the Yoast SEO plugin v26.1.1 - https:\/\/yoast.com\/wordpress\/plugins\/seo\/ -->\n<title>Balatoni Krokodil Vend\u00e9gh\u00e1z - krokodilpince.rwpstaging.site<\/title>\n<meta name=\"robots\" content=\"noindex, follow, max-snippet:-1, max-image-preview:large, max-video-preview:-1\" \/>\n<meta property=\"og:locale\" content=\"en_GB\" \/>\n<meta property=\"og:type\" content=\"article\" \/>\n<meta property=\"og:title\" content=\"Balatoni Krokodil Vend\u00e9gh\u00e1z - krokodilpince.rwpstaging.site\" \/>\n<meta property=\"og:description\" content=\"Balatoni Krokodil Vend\u00e9gh\u00e1z\" \/>\n<meta property=\"og:url\" content=\"https:\/\/krokodilpince.rwpstaging.site\/en\/balatoni-krokodil-vendeghaz\/\" \/>\n<meta property=\"og:site_name\" content=\"krokodilpince.rwpstaging.site\" \/>\n<meta property=\"article:modified_time\" content=\"2026-04-27T12:49:24+00:00\" \/>\n<meta property=\"og:image\" content=\"https:\/\/krokodilpince.rwpstaging.site\/wp-content\/uploads\/2025\/12\/Csali-szolobirtok-krokodil-bor-balatoni-krokodil-dobrogi-vendeghaz-szallas-balatoni-szallas-1-scaled.webp\" \/>\n\t<meta property=\"og:image:width\" content=\"1920\" \/>\n\t<meta property=\"og:image:height\" content=\"2560\" \/>\n\t<meta property=\"og:image:type\" content=\"image\/webp\" \/>\n<meta name=\"twitter:card\" content=\"summary_large_image\" \/>\n<meta name=\"twitter:label1\" content=\"Estimated reading time\" \/>\n\t<meta name=\"twitter:data1\" content=\"1 minute\" \/>\n<script type=\"application\/ld+json\" class=\"yoast-schema-graph\">{\"@context\":\"https:\/\/schema.org\",\"@graph\":[{\"@type\":\"WebPage\",\"@id\":\"https:\/\/krokodilpince.rwpstaging.site\/balatoni-krokodil-vendeghaz\/\",\"url\":\"https:\/\/krokodilpince.rwpstaging.site\/balatoni-krokodil-vendeghaz\/\",\"name\":\"Balatoni Krokodil Vend\u00e9gh\u00e1z - krokodilpince.rwpstaging.site\",\"isPartOf\":{\"@id\":\"https:\/\/krokodilpince.rwpstaging.site\/#website\"},\"primaryImageOfPage\":{\"@id\":\"https:\/\/krokodilpince.rwpstaging.site\/balatoni-krokodil-vendeghaz\/#primaryimage\"},\"image\":{\"@id\":\"https:\/\/krokodilpince.rwpstaging.site\/balatoni-krokodil-vendeghaz\/#primaryimage\"},\"thumbnailUrl\":\"https:\/\/krokodilpince.rwpstaging.site\/wp-content\/uploads\/2025\/12\/Csali-szolobirtok-krokodil-bor-balatoni-krokodil-dobrogi-vendeghaz-szallas-balatoni-szallas-1-scaled.webp\",\"datePublished\":\"2026-02-12T12:59:13+00:00\",\"dateModified\":\"2026-04-27T12:49:24+00:00\",\"breadcrumb\":{\"@id\":\"https:\/\/krokodilpince.rwpstaging.site\/balatoni-krokodil-vendeghaz\/#breadcrumb\"},\"inLanguage\":\"en-GB\",\"potentialAction\":[{\"@type\":\"ReadAction\",\"target\":[\"https:\/\/krokodilpince.rwpstaging.site\/balatoni-krokodil-vendeghaz\/\"]}]},{\"@type\":\"ImageObject\",\"inLanguage\":\"en-GB\",\"@id\":\"https:\/\/krokodilpince.rwpstaging.site\/balatoni-krokodil-vendeghaz\/#primaryimage\",\"url\":\"https:\/\/krokodilpince.rwpstaging.site\/wp-content\/uploads\/2025\/12\/Csali-szolobirtok-krokodil-bor-balatoni-krokodil-dobrogi-vendeghaz-szallas-balatoni-szallas-1-scaled.webp\",\"contentUrl\":\"https:\/\/krokodilpince.rwpstaging.site\/wp-content\/uploads\/2025\/12\/Csali-szolobirtok-krokodil-bor-balatoni-krokodil-dobrogi-vendeghaz-szallas-balatoni-szallas-1-scaled.webp\",\"width\":1920,\"height\":2560},{\"@type\":\"BreadcrumbList\",\"@id\":\"https:\/\/krokodilpince.rwpstaging.site\/balatoni-krokodil-vendeghaz\/#breadcrumb\",\"itemListElement\":[{\"@type\":\"ListItem\",\"position\":1,\"name\":\"Home\",\"item\":\"https:\/\/krokodilpince.rwpstaging.site\/\"},{\"@type\":\"ListItem\",\"position\":2,\"name\":\"Balatoni Krokodil Vend\u00e9gh\u00e1z\"}]},{\"@type\":\"WebSite\",\"@id\":\"https:\/\/krokodilpince.rwpstaging.site\/#website\",\"url\":\"https:\/\/krokodilpince.rwpstaging.site\/\",\"name\":\"krokodilpince.rwpstaging.site\",\"description\":\"\",\"potentialAction\":[{\"@type\":\"SearchAction\",\"target\":{\"@type\":\"EntryPoint\",\"urlTemplate\":\"https:\/\/krokodilpince.rwpstaging.site\/?s={search_term_string}\"},\"query-input\":{\"@type\":\"PropertyValueSpecification\",\"valueRequired\":true,\"valueName\":\"search_term_string\"}}],\"inLanguage\":\"en-GB\"}]}<\/script>\n<!-- \/ Yoast SEO plugin. -->","yoast_head_json":{"title":"Balatoni Krokodil Vend\u00e9gh\u00e1z - krokodilpince.rwpstaging.site","robots":{"index":"noindex","follow":"follow","max-snippet":"max-snippet:-1","max-image-preview":"max-image-preview:large","max-video-preview":"max-video-preview:-1"},"og_locale":"en_GB","og_type":"article","og_title":"Balatoni Krokodil Vend\u00e9gh\u00e1z - krokodilpince.rwpstaging.site","og_description":"Balatoni Krokodil Vend\u00e9gh\u00e1z","og_url":"https:\/\/krokodilpince.rwpstaging.site\/en\/balatoni-krokodil-vendeghaz\/","og_site_name":"krokodilpince.rwpstaging.site","article_modified_time":"2026-04-27T12:49:24+00:00","og_image":[{"width":1920,"height":2560,"url":"https:\/\/krokodilpince.rwpstaging.site\/wp-content\/uploads\/2025\/12\/Csali-szolobirtok-krokodil-bor-balatoni-krokodil-dobrogi-vendeghaz-szallas-balatoni-szallas-1-scaled.webp","type":"image\/webp"}],"twitter_card":"summary_large_image","twitter_misc":{"Estimated reading time":"1 minute"},"schema":{"@context":"https:\/\/schema.org","@graph":[{"@type":"WebPage","@id":"https:\/\/krokodilpince.rwpstaging.site\/balatoni-krokodil-vendeghaz\/","url":"https:\/\/krokodilpince.rwpstaging.site\/balatoni-krokodil-vendeghaz\/","name":"Balatoni Krokodil Vend\u00e9gh\u00e1z - krokodilpince.rwpstaging.site","isPartOf":{"@id":"https:\/\/krokodilpince.rwpstaging.site\/#website"},"primaryImageOfPage":{"@id":"https:\/\/krokodilpince.rwpstaging.site\/balatoni-krokodil-vendeghaz\/#primaryimage"},"image":{"@id":"https:\/\/krokodilpince.rwpstaging.site\/balatoni-krokodil-vendeghaz\/#primaryimage"},"thumbnailUrl":"https:\/\/krokodilpince.rwpstaging.site\/wp-content\/uploads\/2025\/12\/Csali-szolobirtok-krokodil-bor-balatoni-krokodil-dobrogi-vendeghaz-szallas-balatoni-szallas-1-scaled.webp","datePublished":"2026-02-12T12:59:13+00:00","dateModified":"2026-04-27T12:49:24+00:00","breadcrumb":{"@id":"https:\/\/krokodilpince.rwpstaging.site\/balatoni-krokodil-vendeghaz\/#breadcrumb"},"inLanguage":"en-GB","potentialAction":[{"@type":"ReadAction","target":["https:\/\/krokodilpince.rwpstaging.site\/balatoni-krokodil-vendeghaz\/"]}]},{"@type":"ImageObject","inLanguage":"en-GB","@id":"https:\/\/krokodilpince.rwpstaging.site\/balatoni-krokodil-vendeghaz\/#primaryimage","url":"https:\/\/krokodilpince.rwpstaging.site\/wp-content\/uploads\/2025\/12\/Csali-szolobirtok-krokodil-bor-balatoni-krokodil-dobrogi-vendeghaz-szallas-balatoni-szallas-1-scaled.webp","contentUrl":"https:\/\/krokodilpince.rwpstaging.site\/wp-content\/uploads\/2025\/12\/Csali-szolobirtok-krokodil-bor-balatoni-krokodil-dobrogi-vendeghaz-szallas-balatoni-szallas-1-scaled.webp","width":1920,"height":2560},{"@type":"BreadcrumbList","@id":"https:\/\/krokodilpince.rwpstaging.site\/balatoni-krokodil-vendeghaz\/#breadcrumb","itemListElement":[{"@type":"ListItem","position":1,"name":"Home","item":"https:\/\/krokodilpince.rwpstaging.site\/"},{"@type":"ListItem","position":2,"name":"Balatoni Krokodil Vend\u00e9gh\u00e1z"}]},{"@type":"WebSite","@id":"https:\/\/krokodilpince.rwpstaging.site\/#website","url":"https:\/\/krokodilpince.rwpstaging.site\/","name":"krokodilpince.rwpstaging.site","description":"","potentialAction":[{"@type":"SearchAction","target":{"@type":"EntryPoint","urlTemplate":"https:\/\/krokodilpince.rwpstaging.site\/?s={search_term_string}"},"query-input":{"@type":"PropertyValueSpecification","valueRequired":true,"valueName":"search_term_string"}}],"inLanguage":"en-GB"}]}},"_links":{"self":[{"href":"https:\/\/krokodilpince.rwpstaging.site\/en\/wp-json\/wp\/v2\/pages\/1201","targetHints":{"allow":["GET"]}}],"collection":[{"href":"https:\/\/krokodilpince.rwpstaging.site\/en\/wp-json\/wp\/v2\/pages"}],"about":[{"href":"https:\/\/krokodilpince.rwpstaging.site\/en\/wp-json\/wp\/v2\/types\/page"}],"author":[{"embeddable":true,"href":"https:\/\/krokodilpince.rwpstaging.site\/en\/wp-json\/wp\/v2\/users\/1"}],"replies":[{"embeddable":true,"href":"https:\/\/krokodilpince.rwpstaging.site\/en\/wp-json\/wp\/v2\/comments?post=1201"}],"version-history":[{"count":10,"href":"https:\/\/krokodilpince.rwpstaging.site\/en\/wp-json\/wp\/v2\/pages\/1201\/revisions"}],"predecessor-version":[{"id":1239,"href":"https:\/\/krokodilpince.rwpstaging.site\/en\/wp-json\/wp\/v2\/pages\/1201\/revisions\/1239"}],"wp:featuredmedia":[{"embeddable":true,"href":"https:\/\/krokodilpince.rwpstaging.site\/en\/wp-json\/wp\/v2\/media\/900"}],"wp:attachment":[{"href":"https:\/\/krokodilpince.rwpstaging.site\/en\/wp-json\/wp\/v2\/media?parent=1201"}],"curies":[{"name":"wp","href":"https:\/\/api.w.org\/{rel}","templated":true}]}}